{"id":2,"date":"2011-03-11T15:01:29","date_gmt":"2011-03-11T15:01:29","guid":{"rendered":"http:\/\/www.didikoller.nl\/blog\/?page_id=2"},"modified":"2021-05-21T16:30:33","modified_gmt":"2021-05-21T14:30:33","slug":"about-me","status":"publish","type":"page","link":"https:\/\/www.didikoller.nl\/blog\/en\/about-me\/","title":{"rendered":"About me"},"content":{"rendered":"\n<p>My name is Didi Koller, I currently work as an Online Content Specialist at KRO-NCRV. My goal is to provide people with an engaging online experience. I am a strategic thinker who plays out different&nbsp;scenarios and asks, &#8216;What if?&#8217; To create the best possible outcome I bring creative anticipation, imagination and&nbsp;persistence.&nbsp;<\/p>\n\n\n\n<h2>Awards:<\/h2>\n\n\n\n<ul><li>SpinAward Best Website, 2018<\/li><li>&#8216;Mention Sp\u00e9ciale&#8217;, Festival Vid\u00e9o Cr\u00e9ajeune, Luxembourg, 2016<\/li><li>Nomination two Dutch Game Awards, 2015<\/li><li>Selected for the Young European Film Forum, Brussels, 2015<\/li><li>Selected for S\u00f3nar+D, Barcelona, 2015<\/li><li>Nomination Dutch Interactive Award, 2014<\/li><li>Nomination Cross Media Award, 2014<\/li><li>Nomination Annual Masters of Media Award, 2014<\/li><li>Nomination TV-beeld, 2014<\/li><li>Winner SpinAward Young Talent, 2011<\/li><li>Winner Golden Dot Award, 2011<\/li><li>Nomination Dutch Interactive Award, 2011<\/li><li>Selected for the Hot100 by Virtueel Platform, 2011<\/li><li>Winner Golden Dot Award, 2008<\/li><\/ul>\n\n\n\n<h2>Lectures:<\/h2>\n\n\n\n<ul><li>SpinAward Inspiration Days, Amsterdam<\/li><li>MARCOM&#8217;11, RAI Amsterdam<\/li><li>Emerce Live, Amsterdam<\/li><li>The way to Transmedia, Symposium, Rotterdam<\/li><li>Hogeschool van Amsterdam, MediaLAB, &nbsp;Amsterdam<\/li><li>InHolland, Crossmedia Minor, Rotterdam<\/li><li>IMC Weekendschool, Amsterdam<\/li><li>NTR, Hilversum<\/li><li><span style=\"line-height: 32px;\">CMD 10 jaar,&nbsp;<\/span>Wie is aan? Amsterdam<\/li><li>Guest lecture honors program, Amsterdam<\/li><li>HNL Stenden Hogeschool, Leeuwarden<\/li><li>And many more&#8230;<\/li><\/ul>\n\n\n\n<p>Please feel free to connect with me on <a title=\"LinkedIn Didi Koller\" rel=\"noopener\" href=\"http:\/\/www.linkedin.com\/profile\/view?id=120563822&amp;trk=tab_pro\" target=\"_blank\">LinkedIn<\/a><\/p>\n","protected":false},"excerpt":{"rendered":"<p>My name is Didi Koller, I currently work as an Online Content Specialist at KRO-NCRV. My goal is to provide people with an engaging online experience. I am a strategic thinker who plays out different&nbsp;scenarios and asks, &#8216;What if?&#8217; To create the best possible outcome I bring creative anticipation, imagination and&nbsp;persistence.&nbsp; Awards: SpinAward Best Website,&#8230; <\/p>\n<p><a class=\"teaser-more\" href=\"https:\/\/www.didikoller.nl\/blog\/en\/about-me\/\">Continue Reading<\/a><\/p>\n","protected":false},"author":1,"featured_media":0,"parent":0,"menu_order":0,"comment_status":"open","ping_status":"closed","template":"","meta":[],"yoast_head":"<!-- This site is optimized with the Yoast SEO plugin v16.2 - https:\/\/yoast.com\/wordpress\/plugins\/seo\/ -->\n<meta name=\"robots\" content=\"index, follow, max-snippet:-1, max-image-preview:large, max-video-preview:-1\" \/>\n<link rel=\"canonical\" href=\"https:\/\/www.didikoller.nl\/blog\/en\/about-me\/\" \/>\n<meta property=\"og:locale\" content=\"en_GB\" \/>\n<meta property=\"og:type\" content=\"article\" \/>\n<meta property=\"og:title\" content=\"About me - Didi&#039;s Blog\" \/>\n<meta property=\"og:description\" content=\"My name is Didi Koller, I currently work as an Online Content Specialist at KRO-NCRV. My goal is to provide people with an engaging online experience. I am a strategic thinker who plays out different&nbsp;scenarios and asks, &#8216;What if?&#8217; To create the best possible outcome I bring creative anticipation, imagination and&nbsp;persistence.&nbsp; Awards: SpinAward Best Website,... Continue Reading\" \/>\n<meta property=\"og:url\" content=\"https:\/\/www.didikoller.nl\/blog\/en\/about-me\/\" \/>\n<meta property=\"og:site_name\" content=\"Didi&#039;s Blog\" \/>\n<meta property=\"article:modified_time\" content=\"2021-05-21T14:30:33+00:00\" \/>\n<meta name=\"twitter:card\" content=\"summary_large_image\" \/>\n<meta name=\"twitter:label1\" content=\"Estimated reading time\">\n\t<meta name=\"twitter:data1\" content=\"1 minute\">\n<script type=\"application\/ld+json\" class=\"yoast-schema-graph\">{\"@context\":\"https:\/\/schema.org\",\"@graph\":[{\"@type\":\"WebSite\",\"@id\":\"https:\/\/www.didikoller.nl\/blog\/en\/#website\",\"url\":\"https:\/\/www.didikoller.nl\/blog\/en\/\",\"name\":\"Didi&#039;s Blog\",\"description\":\"About transmedia and other pretty cool stuff\",\"potentialAction\":[{\"@type\":\"SearchAction\",\"target\":\"https:\/\/www.didikoller.nl\/blog\/en\/?s={search_term_string}\",\"query-input\":\"required name=search_term_string\"}],\"inLanguage\":\"en-GB\"},{\"@type\":\"WebPage\",\"@id\":\"https:\/\/www.didikoller.nl\/blog\/en\/about-me\/#webpage\",\"url\":\"https:\/\/www.didikoller.nl\/blog\/en\/about-me\/\",\"name\":\"About me - Didi&#039;s Blog\",\"isPartOf\":{\"@id\":\"https:\/\/www.didikoller.nl\/blog\/en\/#website\"},\"datePublished\":\"2011-03-11T15:01:29+00:00\",\"dateModified\":\"2021-05-21T14:30:33+00:00\",\"breadcrumb\":{\"@id\":\"https:\/\/www.didikoller.nl\/blog\/en\/about-me\/#breadcrumb\"},\"inLanguage\":\"en-GB\",\"potentialAction\":[{\"@type\":\"ReadAction\",\"target\":[\"https:\/\/www.didikoller.nl\/blog\/en\/about-me\/\"]}]},{\"@type\":\"BreadcrumbList\",\"@id\":\"https:\/\/www.didikoller.nl\/blog\/en\/about-me\/#breadcrumb\",\"itemListElement\":[{\"@type\":\"ListItem\",\"position\":1,\"item\":{\"@type\":\"WebPage\",\"@id\":\"https:\/\/www.didikoller.nl\/blog\/en\/\",\"url\":\"https:\/\/www.didikoller.nl\/blog\/en\/\",\"name\":\"Home\"}},{\"@type\":\"ListItem\",\"position\":2,\"item\":{\"@id\":\"https:\/\/www.didikoller.nl\/blog\/en\/about-me\/#webpage\"}}]}]}<\/script>\n<!-- \/ Yoast SEO plugin. -->","_links":{"self":[{"href":"https:\/\/www.didikoller.nl\/blog\/wp-json\/wp\/v2\/pages\/2"}],"collection":[{"href":"https:\/\/www.didikoller.nl\/blog\/wp-json\/wp\/v2\/pages"}],"about":[{"href":"https:\/\/www.didikoller.nl\/blog\/wp-json\/wp\/v2\/types\/page"}],"author":[{"embeddable":true,"href":"https:\/\/www.didikoller.nl\/blog\/wp-json\/wp\/v2\/users\/1"}],"replies":[{"embeddable":true,"href":"https:\/\/www.didikoller.nl\/blog\/wp-json\/wp\/v2\/comments?post=2"}],"version-history":[{"count":48,"href":"https:\/\/www.didikoller.nl\/blog\/wp-json\/wp\/v2\/pages\/2\/revisions"}],"predecessor-version":[{"id":1688,"href":"https:\/\/www.didikoller.nl\/blog\/wp-json\/wp\/v2\/pages\/2\/revisions\/1688"}],"wp:attachment":[{"href":"https:\/\/www.didikoller.nl\/blog\/wp-json\/wp\/v2\/media?parent=2"}],"curies":[{"name":"wp","href":"https:\/\/api.w.org\/{rel}","templated":true}]}}