{"id":1305,"date":"2021-02-05T16:19:19","date_gmt":"2021-02-05T15:19:19","guid":{"rendered":"http:\/\/www.didikoller.nl\/blog\/?page_id=1305"},"modified":"2021-05-21T16:30:58","modified_gmt":"2021-05-21T14:30:58","slug":"over-mij","status":"publish","type":"page","link":"https:\/\/www.didikoller.nl\/blog\/nl\/over-mij\/","title":{"rendered":"Over mij"},"content":{"rendered":"\n<p>Ik ben Didi Koller, ik werk momenteel als Online Content Specialist voor de KRO-NCRV. Het is mijn doel om mensen een <em>engaging online experience<\/em> te laten beleven. Ik ben een strategische denker die verschillende scenarios afspeelt en altijd denkt: &#8216;Wat als?&#8217; Om het best mogelijke resultaat te cre\u00ebren gebruik ik creatieve anticipatie, verbeeldingskracht en doorzettingsvermogen.<\/p>\n\n\n\n<h2>Awards<\/h2>\n\n\n\n<ul><li>Mention Sp\u00e9ciale, Festival Vid\u00e9o Cr\u00e9ajeune, Luxemburg, 2016<\/li><li>Nominatie twee Dutch Game Awards, 2015<\/li><li>Geselecteerd voor het Young European Film Forum, Brussel, 2015<\/li><li>Geselecteerd voor S\u00f3nar+D, Barcelona, 2015<\/li><li>Nominatie Dutch Interactive Award, 2014<\/li><li>Nominatie Cross Media Award, 2014<\/li><li>Nominatie Annual Masters of Media Award, 2014<\/li><li>Nominatie TV-beeld, 2014<\/li><li>Winnaar Spinaward Jong Talent, 2011<\/li><li>Winnaar Golden Dot Award, 2011<\/li><li>Nominatie Dutch Interactive Award, 2011<\/li><li>Geselecteerd voor de Hot100 van Virtueel Platform, 2011<\/li><li>Winnaar Golden Dot Award, 2008<\/li><\/ul>\n\n\n\n<h2><br>Lezingen<\/h2>\n\n\n\n<ul><li>SpinAward Inspiration Days, Amsterdam<\/li><li>MARCOM, RAI Amsterdam<\/li><li>Emerce Live, Amsterdam<\/li><li>The way to Transmedia, Symposium, Rotterdam<\/li><li>Hogeschool van Amsterdam, MediaLAB, &nbsp;Amsterdam<\/li><li>InHolland, Crossmedia Minor, Rotterdam<\/li><li>IMC Weekendschool, Amsterdam<\/li><li>NTR, Hilversum<\/li><li>CMD 10 jaar,&nbsp;Wie is aan? Amsterdam<\/li><li>Gastlezing honors program, Amsterdam<\/li><li>NHL Stenden Hogeschool, Leeuwarden<\/li><li>En nog veel meer&#8230;<\/li><\/ul>\n\n\n\n<p>Voor meer info kun je een kijkje nemen op mijn&nbsp;<a rel=\"noreferrer noopener\" href=\"http:\/\/www.linkedin.com\/profile\/view?id=120563822&amp;trk=tab_pro\" target=\"_blank\">LinkedIn<\/a><\/p>\n","protected":false},"excerpt":{"rendered":"<p>Ik ben Didi Koller, ik werk momenteel als Online Content Specialist voor de KRO-NCRV. Het is mijn doel om mensen een engaging online experience te laten beleven. Ik ben een strategische denker die verschillende scenarios afspeelt en altijd denkt: &#8216;Wat als?&#8217; Om het best mogelijke resultaat te cre\u00ebren gebruik ik creatieve anticipatie, verbeeldingskracht en doorzettingsvermogen&#8230;. <\/p>\n<p><a class=\"teaser-more\" href=\"https:\/\/www.didikoller.nl\/blog\/nl\/over-mij\/\">Continue Reading<\/a><\/p>\n","protected":false},"author":1,"featured_media":0,"parent":0,"menu_order":0,"comment_status":"open","ping_status":"closed","template":"","meta":[],"yoast_head":"<!-- This site is optimized with the Yoast SEO plugin v16.2 - https:\/\/yoast.com\/wordpress\/plugins\/seo\/ -->\n<meta name=\"robots\" content=\"index, follow, max-snippet:-1, max-image-preview:large, max-video-preview:-1\" \/>\n<link rel=\"canonical\" href=\"https:\/\/www.didikoller.nl\/blog\/nl\/over-mij\/\" \/>\n<meta property=\"og:locale\" content=\"en_GB\" \/>\n<meta property=\"og:type\" content=\"article\" \/>\n<meta property=\"og:title\" content=\"Over mij - Didi&#039;s Blog\" \/>\n<meta property=\"og:description\" content=\"Ik ben Didi Koller, ik werk momenteel als Online Content Specialist voor de KRO-NCRV. Het is mijn doel om mensen een engaging online experience te laten beleven. Ik ben een strategische denker die verschillende scenarios afspeelt en altijd denkt: &#8216;Wat als?&#8217; Om het best mogelijke resultaat te cre\u00ebren gebruik ik creatieve anticipatie, verbeeldingskracht en doorzettingsvermogen.... Continue Reading\" \/>\n<meta property=\"og:url\" content=\"https:\/\/www.didikoller.nl\/blog\/nl\/over-mij\/\" \/>\n<meta property=\"og:site_name\" content=\"Didi&#039;s Blog\" \/>\n<meta property=\"article:modified_time\" content=\"2021-05-21T14:30:58+00:00\" \/>\n<meta name=\"twitter:card\" content=\"summary_large_image\" \/>\n<meta name=\"twitter:label1\" content=\"Estimated reading time\">\n\t<meta name=\"twitter:data1\" content=\"1 minute\">\n<script type=\"application\/ld+json\" class=\"yoast-schema-graph\">{\"@context\":\"https:\/\/schema.org\",\"@graph\":[{\"@type\":\"WebSite\",\"@id\":\"https:\/\/www.didikoller.nl\/blog\/en\/#website\",\"url\":\"https:\/\/www.didikoller.nl\/blog\/en\/\",\"name\":\"Didi&#039;s Blog\",\"description\":\"About transmedia and other pretty cool stuff\",\"potentialAction\":[{\"@type\":\"SearchAction\",\"target\":\"https:\/\/www.didikoller.nl\/blog\/en\/?s={search_term_string}\",\"query-input\":\"required name=search_term_string\"}],\"inLanguage\":\"en-GB\"},{\"@type\":\"WebPage\",\"@id\":\"https:\/\/www.didikoller.nl\/blog\/nl\/over-mij\/#webpage\",\"url\":\"https:\/\/www.didikoller.nl\/blog\/nl\/over-mij\/\",\"name\":\"Over mij - Didi&#039;s Blog\",\"isPartOf\":{\"@id\":\"https:\/\/www.didikoller.nl\/blog\/en\/#website\"},\"datePublished\":\"2021-02-05T15:19:19+00:00\",\"dateModified\":\"2021-05-21T14:30:58+00:00\",\"breadcrumb\":{\"@id\":\"https:\/\/www.didikoller.nl\/blog\/nl\/over-mij\/#breadcrumb\"},\"inLanguage\":\"en-GB\",\"potentialAction\":[{\"@type\":\"ReadAction\",\"target\":[\"https:\/\/www.didikoller.nl\/blog\/nl\/over-mij\/\"]}]},{\"@type\":\"BreadcrumbList\",\"@id\":\"https:\/\/www.didikoller.nl\/blog\/nl\/over-mij\/#breadcrumb\",\"itemListElement\":[{\"@type\":\"ListItem\",\"position\":1,\"item\":{\"@type\":\"WebPage\",\"@id\":\"https:\/\/www.didikoller.nl\/blog\/en\/\",\"url\":\"https:\/\/www.didikoller.nl\/blog\/en\/\",\"name\":\"Home\"}},{\"@type\":\"ListItem\",\"position\":2,\"item\":{\"@id\":\"https:\/\/www.didikoller.nl\/blog\/nl\/over-mij\/#webpage\"}}]}]}<\/script>\n<!-- \/ Yoast SEO plugin. -->","_links":{"self":[{"href":"https:\/\/www.didikoller.nl\/blog\/wp-json\/wp\/v2\/pages\/1305"}],"collection":[{"href":"https:\/\/www.didikoller.nl\/blog\/wp-json\/wp\/v2\/pages"}],"about":[{"href":"https:\/\/www.didikoller.nl\/blog\/wp-json\/wp\/v2\/types\/page"}],"author":[{"embeddable":true,"href":"https:\/\/www.didikoller.nl\/blog\/wp-json\/wp\/v2\/users\/1"}],"replies":[{"embeddable":true,"href":"https:\/\/www.didikoller.nl\/blog\/wp-json\/wp\/v2\/comments?post=1305"}],"version-history":[{"count":4,"href":"https:\/\/www.didikoller.nl\/blog\/wp-json\/wp\/v2\/pages\/1305\/revisions"}],"predecessor-version":[{"id":1689,"href":"https:\/\/www.didikoller.nl\/blog\/wp-json\/wp\/v2\/pages\/1305\/revisions\/1689"}],"wp:attachment":[{"href":"https:\/\/www.didikoller.nl\/blog\/wp-json\/wp\/v2\/media?parent=1305"}],"curies":[{"name":"wp","href":"https:\/\/api.w.org\/{rel}","templated":true}]}}